{"id":276,"date":"2019-09-24T12:09:02","date_gmt":"2019-09-24T12:09:02","guid":{"rendered":"https:\/\/os4car.de\/?page_id=276"},"modified":"2022-11-18T11:53:46","modified_gmt":"2022-11-18T11:53:46","slug":"kontakt-2","status":"publish","type":"page","link":"https:\/\/os4car.de\/?page_id=276","title":{"rendered":"Kontakt"},"content":{"rendered":"\n<h2 class=\"head wp-block-heading\">Kontakt | Impressum<\/h2>\n\n\n\n<p>Oskar Theobald<br>Industriestrasse 7 \u2013 Zugang \u00fcber Benzstra\u00dfe<br>67269 Gr\u00fcnstadt<br>&nbsp;Telefon:&nbsp;0173 3141490&nbsp;<\/p>\n\n\n\n<p>E-Mail:&nbsp;oskar@otheobald.de<\/p>\n\n\n\n<p>Allgemeine Gesch\u00e4ftsbedingungen<\/p>\n\n\n\n<p><a href=\"https:\/\/os4car.de\/wp-content\/uploads\/2019\/10\/AGB.pdf\" target=\"_blank\" rel=\"noreferrer noopener\">Die AGB \u2019s sind als .PDF Datei zum download bereit.<\/a><br>Falls sie die Datei nicht \u00f6ffnen k\u00f6nnen, downloaden sie hier den <a href=\"http:\/\/www.adobe.com\/de\/products\/acrobat\/readstep2.html\" target=\"_blank\" rel=\"noreferrer noopener\">Adobe Reader<\/a>!<\/p>\n\n\n\n<h2 class=\"head wp-block-heading\">Disclaimer<\/h2>\n\n\n\n<h2 class=\"wp-block-heading\">1. Inhalt der Webseite:<\/h2>\n\n\n\n<p>Die Inhalte dieser Webseite wurden sorgf\u00e4ltig und nach aktuellem \nKenntnisstand des Autors erstellt. Wir sind f\u00fcr diese nur im Rahmen der \nallgemeinen Gesetze verantwortlich, insbesondere f\u00fcr eigene Inhalte nach\n \u00a7 7 TMG, f\u00fcr fremde Inhalte gem. \u00a7\u00a7 8 \u2013 10 TMG. Als Diensteanbieter \nsind wir f\u00fcr fremde Inhalte fr\u00fchestens ab Kenntniserlangung einer \nkonkreten Rechtsverletzung verantwortlich. Wir behalten uns vor, die \ninformatorischen Inhalte vollst\u00e4ndig oder teilweise zu \u00e4ndern oder \nl\u00f6schen, soweit vertragliche Verpflichtungen unber\u00fchrt bleiben.<\/p>\n\n\n\n<h2 class=\"wp-block-heading\">2. Verweisung auf fremde Seiten:<\/h2>\n\n\n\n<p>Inhalte fremder Webseiten, auf die wir direkt oder indirekt verweisen\n (durch \u201eHyperlinks\u201c oder \u201eDeeplinks\u201c), liegen au\u00dferhalb unseres \nVerantwortungsbereiches und machen wir uns nicht zu Eigen. Zum Zeitpunkt\n der Linksetzung waren f\u00fcr uns keine illegalen Inhalte auf den \nverlinkten Webseiten erkennbar. Da wir auf die aktuelle und zuk\u00fcnftige \nGestaltung die Inhalte der verlinkten Webseiten keinerlei Einfluss \nhaben, distanzieren wir uns ausdr\u00fccklich von allen Inhalten verlinkter \nWebseiten, die nach der Linksetzung ver\u00e4ndert wurden. F\u00fcr alle Inhalte \nund insbesondere f\u00fcr Sch\u00e4den, die aus der Nutzung der in den verlinkten \nWebseiten aufrufbaren Informationen entstehen, haftet allein der \nAnbieter der Seite, auf welche verlinkt wurde. Erhalten wir von \nillegalen, rechtswidrigen oder fehlerhaften Inhalten auf Webseiten \nKenntnis, die wir verlinken, werden wir die Verlinkung aufheben.<\/p>\n\n\n\n<h2 class=\"wp-block-heading\">3. Urheberrechte<\/h2>\n\n\n\n<p>Alle auf dieser Webseite dargestellten Inhalte, also insbesondere \nTexte, Bilder, Fotos, grafische Darstellungen, Musiken, Marken, \nWarenzeichen, unterliegen den Normen des deutschen Urheberrechts. Die \nVerwendung, Vervielf\u00e4ltigung usw. unterliegt den Rechten der jeweiligen \nUrheber bzw. Rechteverwalter. Wenn Sie solche Werke verwenden wollen, \nwerden wir auf Anfrage gerne den Kontakt zum jeweiligen \nUrheber\/Rechteverwalter herstellen.<\/p>\n\n\n\n<h2 class=\"wp-block-heading\">4. Allgemeine Gleichstellung:<\/h2>\n\n\n\n<p>In den Texten wird meist nur eine Geschlechtsform gew\u00e4hlt um eine \nbessere Lesbarkeit zu gew\u00e4hrleisten. Davon unbeeinflusst beziehen sich \ndie Angaben dieser Webseite auf alle Geschlechter.<\/p>\n\n\n\n<p>Dieser Muster-Disclaimer f\u00fcr Webseiten wurde erstellt von der \nAnwaltskanzlei Viola Lachenmann, http:\/\/www.kanzlei-lachenmann.de\/.<\/p>\n","protected":false},"excerpt":{"rendered":"<p>Kontakt | Impressum Oskar TheobaldIndustriestrasse 7 \u2013 Zugang \u00fcber Benzstra\u00dfe67269 Gr\u00fcnstadt&nbsp;Telefon:&nbsp;0173 3141490&nbsp; E-Mail:&nbsp;oskar@otheobald.de Allgemeine Gesch\u00e4ftsbedingungen Die AGB \u2019s sind als .PDF Datei zum download bereit.Falls sie die Datei nicht \u00f6ffnen k\u00f6nnen, downloaden sie hier den Adobe Reader! Disclaimer 1. Inhalt der Webseite: Die Inhalte dieser Webseite wurden sorgf\u00e4ltig und nach aktuellem Kenntnisstand des Autors erstellt.Continue reading &rarr;<\/p>\n","protected":false},"author":1,"featured_media":0,"parent":0,"menu_order":0,"comment_status":"closed","ping_status":"closed","template":"","meta":{"footnotes":""},"_links":{"self":[{"href":"https:\/\/os4car.de\/index.php?rest_route=\/wp\/v2\/pages\/276"}],"collection":[{"href":"https:\/\/os4car.de\/index.php?rest_route=\/wp\/v2\/pages"}],"about":[{"href":"https:\/\/os4car.de\/index.php?rest_route=\/wp\/v2\/types\/page"}],"author":[{"embeddable":true,"href":"https:\/\/os4car.de\/index.php?rest_route=\/wp\/v2\/users\/1"}],"replies":[{"embeddable":true,"href":"https:\/\/os4car.de\/index.php?rest_route=%2Fwp%2Fv2%2Fcomments&post=276"}],"version-history":[{"count":2,"href":"https:\/\/os4car.de\/index.php?rest_route=\/wp\/v2\/pages\/276\/revisions"}],"predecessor-version":[{"id":430,"href":"https:\/\/os4car.de\/index.php?rest_route=\/wp\/v2\/pages\/276\/revisions\/430"}],"wp:attachment":[{"href":"https:\/\/os4car.de\/index.php?rest_route=%2Fwp%2Fv2%2Fmedia&parent=276"}],"curies":[{"name":"wp","href":"https:\/\/api.w.org\/{rel}","templated":true}]}}