{"id":25,"date":"2019-09-15T12:47:20","date_gmt":"2019-09-15T12:47:20","guid":{"rendered":"https:\/\/os4car.de\/?page_id=25"},"modified":"2019-10-30T15:33:43","modified_gmt":"2019-10-30T15:33:43","slug":"optimum-sealing-keramikversiegelung","status":"publish","type":"page","link":"https:\/\/os4car.de\/?page_id=25","title":{"rendered":"Optimum sealing* Keramikversiegelung"},"content":{"rendered":"\n<h2 class=\"head wp-block-heading\">Keramikversiegelung <br>Optimum Sealing*<\/h2>\n\n\n\n<figure class=\"wp-block-image\"><img decoding=\"async\" loading=\"lazy\" width=\"1024\" height=\"705\" src=\"https:\/\/os4car.de\/wp-content\/uploads\/2019\/09\/P114042102-1024x705.jpg\" alt=\"\" class=\"wp-image-58\" srcset=\"https:\/\/os4car.de\/wp-content\/uploads\/2019\/09\/P114042102-1024x705.jpg 1024w, https:\/\/os4car.de\/wp-content\/uploads\/2019\/09\/P114042102-300x206.jpg 300w, https:\/\/os4car.de\/wp-content\/uploads\/2019\/09\/P114042102-768x528.jpg 768w, https:\/\/os4car.de\/wp-content\/uploads\/2019\/09\/P114042102.jpg 1500w\" sizes=\"(max-width: 1024px) 100vw, 1024px\" \/><figcaption>\u00a9OS4car<\/figcaption><\/figure>\n\n\n\n<p>Optimum Sealing*: Bester Schutz und effiziente Werterhaltung f\u00fcr Ihr Auto. Einfache Reinigung und damit weniger Pfegeaufwand.<\/p>\n\n\n\n<p>Optimum Sealing* ist ein sehr hochwertiges Produkt, es sch\u00fctzt den Lack anhaltend und effektiv vor Umwelteinfl\u00fcssen und Besch\u00e4digungen. Diese Lackversiegelung verst\u00e4rkt die Farbbrillanz und Tiefe Ihrer Lackierung. Die Oberfl\u00e4che wird extrem glatt und wasserabweisend, soda\u00df Regen einfach abperlt und den Schmutz mitnimmt.<\/p>\n\n\n\n<p>Mein Service f\u00fcr Sie: Komplettaufbereitung Ihres Wagens inklusive  Innenreinigung. Sprechen Sie mich an: per Mail <a href=\"mailto:oskar@otheobald.de\">oskar@otheobald.de<\/a> oder per Telefon 0173 3141490. Gerne erstelle ich Ihnen ein kostenloses, individuelles Angebot.<\/p>\n\n\n\n<p><\/p>\n","protected":false},"excerpt":{"rendered":"<p>Keramikversiegelung Optimum Sealing* Optimum Sealing*: Bester Schutz und effiziente Werterhaltung f\u00fcr Ihr Auto. Einfache Reinigung und damit weniger Pfegeaufwand. Optimum Sealing* ist ein sehr hochwertiges Produkt, es sch\u00fctzt den Lack anhaltend und effektiv vor Umwelteinfl\u00fcssen und Besch\u00e4digungen. Diese Lackversiegelung verst\u00e4rkt die Farbbrillanz und Tiefe Ihrer Lackierung. Die Oberfl\u00e4che wird extrem glatt und wasserabweisend, soda\u00df RegenContinue reading &rarr;<\/p>\n","protected":false},"author":1,"featured_media":0,"parent":0,"menu_order":0,"comment_status":"closed","ping_status":"closed","template":"","meta":{"footnotes":""},"_links":{"self":[{"href":"https:\/\/os4car.de\/index.php?rest_route=\/wp\/v2\/pages\/25"}],"collection":[{"href":"https:\/\/os4car.de\/index.php?rest_route=\/wp\/v2\/pages"}],"about":[{"href":"https:\/\/os4car.de\/index.php?rest_route=\/wp\/v2\/types\/page"}],"author":[{"embeddable":true,"href":"https:\/\/os4car.de\/index.php?rest_route=\/wp\/v2\/users\/1"}],"replies":[{"embeddable":true,"href":"https:\/\/os4car.de\/index.php?rest_route=%2Fwp%2Fv2%2Fcomments&post=25"}],"version-history":[{"count":1,"href":"https:\/\/os4car.de\/index.php?rest_route=\/wp\/v2\/pages\/25\/revisions"}],"predecessor-version":[{"id":398,"href":"https:\/\/os4car.de\/index.php?rest_route=\/wp\/v2\/pages\/25\/revisions\/398"}],"wp:attachment":[{"href":"https:\/\/os4car.de\/index.php?rest_route=%2Fwp%2Fv2%2Fmedia&parent=25"}],"curies":[{"name":"wp","href":"https:\/\/api.w.org\/{rel}","templated":true}]}}